{"id":340,"date":"2021-09-07T10:50:28","date_gmt":"2021-09-07T10:50:28","guid":{"rendered":"https:\/\/kits.themecy.com\/memberships-3\/?page_id=5"},"modified":"2024-11-14T19:29:54","modified_gmt":"2024-11-14T19:29:54","slug":"home","status":"publish","type":"page","link":"https:\/\/kalkulator-nsz.pl\/","title":{"rendered":"Home"},"content":{"rendered":"\n<div style=\"position: relative; width: 100%; padding-top: 56.25%;\">\n    <iframe src=\"https:\/\/kalkulator-nsz.pl\/Kalkulator\/index.html\" \n            style=\"position: absolute; top: 0; left: 0; width: 100%; height: 100%; border: none;\"><\/iframe>\n<\/div>\n\n\n\n\n<p><\/p>\n\n\n<style>.kb-row-layout-wrap.wp-block-kadence-rowlayout.kb-row-layout-id340_862069-6b{margin-top:0px;margin-bottom:var(--global-kb-spacing-4xl, 8rem);}.kb-row-layout-id340_862069-6b > .kt-row-column-wrap{align-content:center;}:where(.kb-row-layout-id340_862069-6b > .kt-row-column-wrap) > .wp-block-kadence-column{justify-content:center;}.kb-row-layout-id340_862069-6b > .kt-row-column-wrap{column-gap:var(--global-kb-gap-md, 2rem);row-gap:var(--global-kb-gap-sm, 1rem);max-width:var( --global-content-width, 1290px );padding-left:var(--global-content-edge-padding);padding-right:var(--global-content-edge-padding);padding-top:0px;padding-right:20px;padding-bottom:120px;padding-left:20px;grid-template-columns:minmax(0, 1fr);}.kb-row-layout-id340_862069-6b > .kt-row-layout-overlay{opacity:1;background:linear-gradient(90deg, var(--global-palette8) 35%, var(--global-palette9) 30%);}@media all and (max-width: 1024px){.kb-row-layout-id340_862069-6b > .kt-row-column-wrap{padding-top:60px;padding-right:30px;padding-bottom:60px;padding-left:30px;grid-template-columns:minmax(0, 1fr);}}@media all and (max-width: 767px){.kb-row-layout-id340_862069-6b > .kt-row-column-wrap{padding-top:60px;padding-right:30px;padding-bottom:60px;padding-left:30px;grid-template-columns:minmax(0, 1fr);}}<\/style><div class=\"kb-row-layout-wrap kb-row-layout-id340_862069-6b alignnone kt-row-has-bg wp-block-kadence-rowlayout\"><div class=\"kt-row-layout-overlay kt-row-overlay-gradient\"><\/div><div class=\"kt-row-column-wrap kt-has-1-columns kt-row-layout-equal kt-tab-layout-inherit kt-mobile-layout-row kt-row-valign-middle kb-theme-content-width\">\n<style>.kadence-column340_ad4b8e-e2 > .kt-inside-inner-col,.kadence-column340_ad4b8e-e2 > .kt-inside-inner-col:before{border-top-left-radius:0px;border-top-right-radius:0px;border-bottom-right-radius:0px;border-bottom-left-radius:0px;}.kadence-column340_ad4b8e-e2 > .kt-inside-inner-col{column-gap:var(--global-kb-gap-sm, 1rem);}.kadence-column340_ad4b8e-e2 > .kt-inside-inner-col{flex-direction:column;}.kadence-column340_ad4b8e-e2 > .kt-inside-inner-col > .aligncenter{width:100%;}.kadence-column340_ad4b8e-e2 > .kt-inside-inner-col:before{opacity:0.3;}.kadence-column340_ad4b8e-e2{position:relative;}.kadence-column340_ad4b8e-e2, .kt-inside-inner-col > .kadence-column340_ad4b8e-e2:not(.specificity){margin-right:50px;margin-left:100px;}@media all and (max-width: 1024px){.kadence-column340_ad4b8e-e2 > .kt-inside-inner-col{flex-direction:column;justify-content:center;}}@media all and (max-width: 1024px){.kadence-column340_ad4b8e-e2, .kt-inside-inner-col > .kadence-column340_ad4b8e-e2:not(.specificity){margin-right:30px;margin-left:30px;}}@media all and (max-width: 767px){.kadence-column340_ad4b8e-e2 > .kt-inside-inner-col{flex-direction:column;justify-content:center;}.kadence-column340_ad4b8e-e2, .kt-inside-inner-col > .kadence-column340_ad4b8e-e2:not(.specificity){margin-right:0px;margin-left:0px;}}<\/style>\n<div class=\"wp-block-kadence-column kadence-column340_ad4b8e-e2 inner-column-2\"><div class=\"kt-inside-inner-col\"><style>.wp-block-kadence-advancedheading.kt-adv-heading340_517c47-86, .wp-block-kadence-advancedheading.kt-adv-heading340_517c47-86[data-kb-block=\"kb-adv-heading340_517c47-86\"]{margin-top:0px;margin-bottom:10px;font-size:var(--global-kb-font-size-xl, 3rem);font-style:normal;}.wp-block-kadence-advancedheading.kt-adv-heading340_517c47-86 mark.kt-highlight, .wp-block-kadence-advancedheading.kt-adv-heading340_517c47-86[data-kb-block=\"kb-adv-heading340_517c47-86\"] mark.kt-highlight{font-style:normal;color:#f76a0c;-webkit-box-decoration-break:clone;box-decoration-break:clone;padding-top:0px;padding-right:0px;padding-bottom:0px;padding-left:0px;}.wp-block-kadence-advancedheading.kt-adv-heading340_517c47-86 img.kb-inline-image, .wp-block-kadence-advancedheading.kt-adv-heading340_517c47-86[data-kb-block=\"kb-adv-heading340_517c47-86\"] img.kb-inline-image{width:150px;vertical-align:baseline;}@media all and (max-width: 1024px){.wp-block-kadence-advancedheading.kt-adv-heading340_517c47-86, .wp-block-kadence-advancedheading.kt-adv-heading340_517c47-86[data-kb-block=\"kb-adv-heading340_517c47-86\"]{text-align:center!important;}}@media all and (max-width: 767px){.wp-block-kadence-advancedheading.kt-adv-heading340_517c47-86, .wp-block-kadence-advancedheading.kt-adv-heading340_517c47-86[data-kb-block=\"kb-adv-heading340_517c47-86\"]{font-size:var(--global-kb-font-size-xl, 3rem);text-align:center!important;}}<\/style>\n<h2 class=\"kt-adv-heading340_517c47-86 wp-block-kadence-advancedheading\" data-kb-block=\"kb-adv-heading340_517c47-86\">Oblicz Twoje wyniki w nauce<\/h2>\n\n\n<style>.wp-block-kadence-advancedheading.kt-adv-heading340_f291f0-7a, .wp-block-kadence-advancedheading.kt-adv-heading340_f291f0-7a[data-kb-block=\"kb-adv-heading340_f291f0-7a\"]{max-width:620px;font-size:var(--global-kb-font-size-md, 1.25rem);font-style:normal;}.wp-block-kadence-advancedheading.kt-adv-heading340_f291f0-7a mark.kt-highlight, .wp-block-kadence-advancedheading.kt-adv-heading340_f291f0-7a[data-kb-block=\"kb-adv-heading340_f291f0-7a\"] mark.kt-highlight{font-style:normal;color:#f76a0c;-webkit-box-decoration-break:clone;box-decoration-break:clone;padding-top:0px;padding-right:0px;padding-bottom:0px;padding-left:0px;}.wp-block-kadence-advancedheading.kt-adv-heading340_f291f0-7a img.kb-inline-image, .wp-block-kadence-advancedheading.kt-adv-heading340_f291f0-7a[data-kb-block=\"kb-adv-heading340_f291f0-7a\"] img.kb-inline-image{width:150px;vertical-align:baseline;}@media all and (max-width: 1024px){.wp-block-kadence-advancedheading.kt-adv-heading340_f291f0-7a, .wp-block-kadence-advancedheading.kt-adv-heading340_f291f0-7a[data-kb-block=\"kb-adv-heading340_f291f0-7a\"]{text-align:center!important;}}@media all and (max-width: 767px){.wp-block-kadence-advancedheading.kt-adv-heading340_f291f0-7a, .wp-block-kadence-advancedheading.kt-adv-heading340_f291f0-7a[data-kb-block=\"kb-adv-heading340_f291f0-7a\"]{text-align:center!important;}}<\/style>\n<p class=\"kt-adv-heading340_f291f0-7a wp-block-kadence-advancedheading\" data-kb-block=\"kb-adv-heading340_f291f0-7a\">Uczniowie Nasze Szko\u0142y za pomoc\u0105 kalkulatora stworzonego przez nasz zesp\u00f3\u0142 IT, mog\u0105 w \u0142atwy spos\u00f3b obliczy\u0107 \u015bredni\u0105 ocen. <\/p>\n\n\n<style>.wp-block-kadence-advancedheading.kt-adv-heading340_79cfbb-62, .wp-block-kadence-advancedheading.kt-adv-heading340_79cfbb-62[data-kb-block=\"kb-adv-heading340_79cfbb-62\"]{max-width:620px;font-size:14px;font-style:normal;}.wp-block-kadence-advancedheading.kt-adv-heading340_79cfbb-62 mark.kt-highlight, .wp-block-kadence-advancedheading.kt-adv-heading340_79cfbb-62[data-kb-block=\"kb-adv-heading340_79cfbb-62\"] mark.kt-highlight{font-style:normal;color:#f76a0c;-webkit-box-decoration-break:clone;box-decoration-break:clone;padding-top:0px;padding-right:0px;padding-bottom:0px;padding-left:0px;}.wp-block-kadence-advancedheading.kt-adv-heading340_79cfbb-62 img.kb-inline-image, .wp-block-kadence-advancedheading.kt-adv-heading340_79cfbb-62[data-kb-block=\"kb-adv-heading340_79cfbb-62\"] img.kb-inline-image{width:150px;vertical-align:baseline;}@media all and (max-width: 1024px){.wp-block-kadence-advancedheading.kt-adv-heading340_79cfbb-62, .wp-block-kadence-advancedheading.kt-adv-heading340_79cfbb-62[data-kb-block=\"kb-adv-heading340_79cfbb-62\"]{text-align:center!important;}}@media all and (max-width: 767px){.wp-block-kadence-advancedheading.kt-adv-heading340_79cfbb-62, .wp-block-kadence-advancedheading.kt-adv-heading340_79cfbb-62[data-kb-block=\"kb-adv-heading340_79cfbb-62\"]{text-align:center!important;}}<\/style>\n<p class=\"kt-adv-heading340_79cfbb-62 wp-block-kadence-advancedheading\" data-kb-block=\"kb-adv-heading340_79cfbb-62\">Je\u015bli masz pytania lub potrzebujesz wsparcia dotycz\u0105cego naszej aplikacji, wy\u015blij wiadomo\u015b\u0107 e-mail na adres: adam.zadorski@nasza.szkola.pl. Odpowiemy najszybciej, jak to mo\u017cliwe, aby zapewni\u0107 Ci najlepsze do\u015bwiadczenie z nasz\u0105 aplikacj\u0105.<\/p>\n<\/div><\/div>\n\n<\/div><\/div>","protected":false},"excerpt":{"rendered":"<p>Oblicz Twoje wyniki w nauce Uczniowie Nasze Szko\u0142y za pomoc\u0105 kalkulatora stworzonego przez nasz zesp\u00f3\u0142 IT, mog\u0105 w \u0142atwy spos\u00f3b obliczy\u0107 \u015bredni\u0105 ocen. Je\u015bli masz pytania lub potrzebujesz wsparcia dotycz\u0105cego naszej aplikacji, wy\u015blij wiadomo\u015b\u0107 e-mail na adres: adam.zadorski@nasza.szkola.pl. Odpowiemy najszybciej, jak to mo\u017cliwe, aby zapewni\u0107 Ci najlepsze do\u015bwiadczenie z nasz\u0105 aplikacj\u0105.<\/p>\n","protected":false},"author":1,"featured_media":680,"parent":0,"menu_order":0,"comment_status":"closed","ping_status":"closed","template":"","meta":{"_kadence_starter_templates_imported_post":true,"_kad_post_transparent":"","_kad_post_title":"hide","_kad_post_layout":"fullwidth","_kad_post_sidebar_id":"","_kad_post_content_style":"unboxed","_kad_post_vertical_padding":"hide","_kad_post_feature":"hide","_kad_post_feature_position":"","_kad_post_header":false,"_kad_post_footer":false,"_kad_post_classname":"","footnotes":""},"class_list":["post-340","page","type-page","status-publish","has-post-thumbnail","hentry"],"_links":{"self":[{"href":"https:\/\/kalkulator-nsz.pl\/index.php?rest_route=\/wp\/v2\/pages\/340","targetHints":{"allow":["GET"]}}],"collection":[{"href":"https:\/\/kalkulator-nsz.pl\/index.php?rest_route=\/wp\/v2\/pages"}],"about":[{"href":"https:\/\/kalkulator-nsz.pl\/index.php?rest_route=\/wp\/v2\/types\/page"}],"author":[{"embeddable":true,"href":"https:\/\/kalkulator-nsz.pl\/index.php?rest_route=\/wp\/v2\/users\/1"}],"replies":[{"embeddable":true,"href":"https:\/\/kalkulator-nsz.pl\/index.php?rest_route=%2Fwp%2Fv2%2Fcomments&post=340"}],"version-history":[{"count":53,"href":"https:\/\/kalkulator-nsz.pl\/index.php?rest_route=\/wp\/v2\/pages\/340\/revisions"}],"predecessor-version":[{"id":413,"href":"https:\/\/kalkulator-nsz.pl\/index.php?rest_route=\/wp\/v2\/pages\/340\/revisions\/413"}],"wp:featuredmedia":[{"embeddable":true,"href":"https:\/\/kalkulator-nsz.pl\/index.php?rest_route=\/"}],"wp:attachment":[{"href":"https:\/\/kalkulator-nsz.pl\/index.php?rest_route=%2Fwp%2Fv2%2Fmedia&parent=340"}],"curies":[{"name":"wp","href":"https:\/\/api.w.org\/{rel}","templated":true}]}}